{"id":183976,"date":"2020-06-05T18:26:29","date_gmt":"2020-06-05T18:26:29","guid":{"rendered":"https:\/\/canadianwomenswellness.ca\/fr\/?page_id=183976"},"modified":"2021-04-08T22:47:23","modified_gmt":"2021-04-08T22:47:23","slug":"donate","status":"publish","type":"page","link":"https:\/\/canadianwomenswellness.ca\/fr\/donate\/","title":{"rendered":"Donate"},"content":{"rendered":"<p>[et_pb_section fb_built=&#8221;1&#8243; fullwidth=&#8221;on&#8221; _builder_version=&#8221;3.22.3&#8243;][et_pb_fullwidth_header title=&#8221;Faire un don&#8221; content_max_width=&#8221;none&#8221; _builder_version=&#8221;4.4.5&#8243; title_font=&#8221;PT Sans Narrow|||on|&#8221; title_font_size=&#8221;50&#8243; background_color=&#8221;rgba(255,255,255,0)&#8221; background_image=&#8221;https:\/\/canadianwomenswellness.ca\/fr\/wp-content\/uploads\/2018\/06\/iStock-579445088.jpg&#8221; background_url=&#8221;https:\/\/canadianwomenswellness.ca\/fr\/wp-content\/uploads\/2020\/05\/HappyMothersClapping.jpg&#8221; button_one_border_radius_hover=&#8221;0&#8243; button_two_border_radius_hover=&#8221;0&#8243; button_one_letter_spacing_hover=&#8221;0&#8243; button_two_letter_spacing_hover=&#8221;0&#8243; button_one_text_size__hover_enabled=&#8221;off&#8221; button_one_text_size__hover=&#8221;null&#8221; button_two_text_size__hover_enabled=&#8221;off&#8221; button_two_text_size__hover=&#8221;null&#8221; button_one_text_color__hover_enabled=&#8221;off&#8221; button_one_text_color__hover=&#8221;null&#8221; button_two_text_color__hover_enabled=&#8221;off&#8221; button_two_text_color__hover=&#8221;null&#8221; button_one_border_width__hover_enabled=&#8221;off&#8221; button_one_border_width__hover=&#8221;null&#8221; button_two_border_width__hover_enabled=&#8221;off&#8221; button_two_border_width__hover=&#8221;null&#8221; button_one_border_color__hover_enabled=&#8221;off&#8221; button_one_border_color__hover=&#8221;null&#8221; button_two_border_color__hover_enabled=&#8221;off&#8221; button_two_border_color__hover=&#8221;null&#8221; button_one_border_radius__hover_enabled=&#8221;on&#8221; button_one_border_radius__hover=&#8221;0&#8243; button_two_border_radius__hover_enabled=&#8221;on&#8221; button_two_border_radius__hover=&#8221;0&#8243; button_one_letter_spacing__hover_enabled=&#8221;on&#8221; button_one_letter_spacing__hover=&#8221;0&#8243; button_two_letter_spacing__hover_enabled=&#8221;on&#8221; button_two_letter_spacing__hover=&#8221;0&#8243; button_one_bg_color__hover_enabled=&#8221;off&#8221; button_one_bg_color__hover=&#8221;null&#8221; button_two_bg_color__hover_enabled=&#8221;off&#8221; button_two_bg_color__hover=&#8221;null&#8221;][\/et_pb_fullwidth_header][\/et_pb_section][et_pb_section fb_built=&#8221;1&#8243; admin_label=&#8221;section&#8221; _builder_version=&#8221;3.22.7&#8243; custom_padding=&#8221;0px||0px&#8221;][et_pb_row _builder_version=&#8221;4.4.5&#8243;][et_pb_column type=&#8221;4_4&#8243; _builder_version=&#8221;4.4.5&#8243;][et_pb_text _builder_version=&#8221;4.9.0&#8243; text_font=&#8221;||||||||&#8221; text_text_color=&#8221;#606060&#8243; text_font_size=&#8221;20px&#8221; text_line_height=&#8221;1.4em&#8221; header_2_font=&#8221;PT Sans Narrow|700|||||||&#8221; header_2_text_color=&#8221;#727272&#8243; header_2_font_size=&#8221;42px&#8221; header_3_font_size=&#8221;16px&#8221; background_size=&#8221;initial&#8221; background_position=&#8221;top_left&#8221; background_repeat=&#8221;repeat&#8221; text_orientation=&#8221;center&#8221; module_alignment=&#8221;center&#8221; custom_margin=&#8221;20px||&#8221; header_2_font_tablet=&#8221;&#8221; header_2_font_phone=&#8221;&#8221; header_2_font_last_edited=&#8221;on|desktop&#8221; header_2_font_size_tablet=&#8221;&#8221; header_2_font_size_phone=&#8221;22px&#8221; header_2_font_size_last_edited=&#8221;on|phone&#8221; use_border_color=&#8221;off&#8221; border_color=&#8221;#ffffff&#8221; border_style=&#8221;solid&#8221;]<\/p>\n<h2 style=\"text-align: center;\">Aidez-nous \u00e0 am\u00e9liorer la vie des canadiennes \u00e0 risque<\/h2>\n<p>Votre cadeau, m\u00eame minime, peut nous aider \u00e0 apporter la<br \/>Technique de M\u00e9ditation Transcendantale \u00e0 celles qui ont besoin<br \/>de gu\u00e9rir du stress toxique et des traumatismes.<br \/>Nous continuons \u00e0 travailler avec les v\u00e9t\u00e9rans, les officers de\u00a0policiers, les infirmi\u00e8res,<br \/>le personnel de soutien,les familles \u00e0 risque et autres pour aider<br \/>\u00e0 am\u00e9liorer leur sant\u00e9 mentale et physique.<\/p>\n<p>[\/et_pb_text][\/et_pb_column][\/et_pb_row][\/et_pb_section][et_pb_section fb_built=&#8221;1&#8243; _builder_version=&#8221;4.4.5&#8243; custom_padding=&#8221;0px||&#8221;][et_pb_row column_structure=&#8221;1_2,1_2&#8243; admin_label=&#8221;row&#8221; _builder_version=&#8221;4.4.5&#8243; background_size=&#8221;initial&#8221; background_position=&#8221;top_left&#8221; background_repeat=&#8221;repeat&#8221; custom_margin=&#8221;||0px&#8221; custom_padding=&#8221;||0px&#8221;][et_pb_column type=&#8221;1_2&#8243; module_id=&#8221;sticky-column&#8221; _builder_version=&#8221;4.4.5&#8243; custom_padding=&#8221;|0px||0px|false|false&#8221; custom_padding__hover=&#8221;|||&#8221;][et_pb_image src=&#8221;https:\/\/canadianwomenswellness.ca\/fr\/wp-content\/uploads\/2020\/06\/tirednurse.jpg&#8221; title_text=&#8221;tirednurse&#8221; disabled_on=&#8221;on|on|off&#8221; _builder_version=&#8221;4.4.5&#8243;][\/et_pb_image][et_pb_testimonial author=&#8221;Chakriya Chy, Nurse, AIS in CHSLD, B.Sc.&#8221; portrait_url=&#8221;data:image\/svg+xml;base64,PHN2ZyB3aWR0aD0iNTAwIiBoZWlnaHQ9IjUwMCIgdmlld0JveD0iMCAwIDUwMCA1MDAiIHhtbG5zPSJodHRwOi8vd3d3LnczLm9yZy8yMDAwL3N2ZyI+CiAgICA8ZyBmaWxsPSJub25lIiBmaWxsLXJ1bGU9ImV2ZW5vZGQiPgogICAgICAgIDxwYXRoIGZpbGw9IiNFQkVCRUIiIGQ9Ik0wIDBoNTAwdjUwMEgweiIvPgogICAgICAgIDxyZWN0IGZpbGwtb3BhY2l0eT0iLjEiIGZpbGw9IiMwMDAiIHg9IjY4IiB5PSIzMDUiIHdpZHRoPSIzNjQiIGhlaWdodD0iNTY4IiByeD0iMTgyIi8+CiAgICAgICAgPGNpcmNsZSBmaWxsLW9wYWNpdHk9Ii4xIiBmaWxsPSIjMDAwIiBjeD0iMjQ5IiBjeT0iMTcyIiByPSIxMDAiLz4KICAgIDwvZz4KPC9zdmc+Cg==&#8221; portrait_width=&#8221;1px&#8221; portrait_height=&#8221;1px&#8221; disabled_on=&#8221;on|on|off&#8221; _builder_version=&#8221;4.4.5&#8243;]<\/p>\n<p>\u00a0\u00ab\u00a0La MT m&#8217;aide \u00e0 mener une vie \u00e9quilibr\u00e9e et harmonieuse, autant sur le plan personnel que sur le plan professionnel. Je suis chanceuse de conna\u00eetre cette technique qui m&#8217;apporte chaque jour davantage de paix et de bonheur. Le stress est \u00e9ph\u00e9m\u00e8re, alors que la qui\u00e9tude et la satisfaction sont plus durables.\u00a0\u00bb<\/p>\n<p>[\/et_pb_testimonial][\/et_pb_column][et_pb_column type=&#8221;1_2&#8243; _builder_version=&#8221;4.4.5&#8243; custom_padding=&#8221;|||&#8221; custom_padding__hover=&#8221;|||&#8221;][et_pb_text _builder_version=&#8221;4.4.5&#8243;]<\/p>\n<div class=\"wcopc\"><\/div>\n<p>[\/et_pb_text][\/et_pb_column][\/et_pb_row][\/et_pb_section][et_pb_section fb_built=&#8221;1&#8243; _builder_version=&#8221;4.4.5&#8243;][et_pb_row module_id=&#8221;stop&#8221; _builder_version=&#8221;4.4.5&#8243; custom_margin=&#8221;||20px||false|false&#8221;][et_pb_column type=&#8221;4_4&#8243; _builder_version=&#8221;4.4.5&#8243;][et_pb_text _builder_version=&#8221;4.4.5&#8243;][\/et_pb_text][\/et_pb_column][\/et_pb_row][\/et_pb_section]<\/p>\n","protected":false},"excerpt":{"rendered":"<p>Aidez-nous \u00e0 am\u00e9liorer la vie des canadiennes \u00e0 risque Votre cadeau, m\u00eame minime, peut nous aider \u00e0 apporter laTechnique de M\u00e9ditation Transcendantale \u00e0 celles qui ont besoinde gu\u00e9rir du stress toxique et des traumatismes.Nous continuons \u00e0 travailler avec les v\u00e9t\u00e9rans, les officers de\u00a0policiers, les infirmi\u00e8res,le personnel de soutien,les familles \u00e0 risque et autres pour aider\u00e0 [&hellip;]<\/p>\n","protected":false},"author":1,"featured_media":0,"parent":0,"menu_order":0,"comment_status":"closed","ping_status":"closed","template":"","meta":{"_et_pb_use_builder":"on","_et_pb_old_content":"","_et_gb_content_width":"","inline_featured_image":false,"footnotes":""},"class_list":["post-183976","page","type-page","status-publish","hentry"],"yoast_head":"<!-- This site is optimized with the Yoast SEO plugin v27.5 - https:\/\/yoast.com\/product\/yoast-seo-wordpress\/ -->\n<title>Donate - Canadian Womens Wellness Initiative<\/title>\n<meta name=\"robots\" content=\"index, follow, max-snippet:-1, max-image-preview:large, max-video-preview:-1\" \/>\n<link rel=\"canonical\" href=\"https:\/\/canadianwomenswellness.ca\/fr\/donate\/\" \/>\n<meta property=\"og:locale\" content=\"en_US\" \/>\n<meta property=\"og:type\" content=\"article\" \/>\n<meta property=\"og:title\" content=\"Donate - Canadian Womens Wellness Initiative\" \/>\n<meta property=\"og:description\" content=\"Aidez-nous \u00e0 am\u00e9liorer la vie des canadiennes \u00e0 risque Votre cadeau, m\u00eame minime, peut nous aider \u00e0 apporter laTechnique de M\u00e9ditation Transcendantale \u00e0 celles qui ont besoinde gu\u00e9rir du stress toxique et des traumatismes.Nous continuons \u00e0 travailler avec les v\u00e9t\u00e9rans, les officers de\u00a0policiers, les infirmi\u00e8res,le personnel de soutien,les familles \u00e0 risque et autres pour aider\u00e0 [&hellip;]\" \/>\n<meta property=\"og:url\" content=\"https:\/\/canadianwomenswellness.ca\/fr\/donate\/\" \/>\n<meta property=\"og:site_name\" content=\"Canadian Womens Wellness Initiative\" \/>\n<meta property=\"article:modified_time\" content=\"2021-04-08T22:47:23+00:00\" \/>\n<meta name=\"twitter:card\" content=\"summary_large_image\" \/>\n<meta name=\"twitter:label1\" content=\"Est. reading time\" \/>\n\t<meta name=\"twitter:data1\" content=\"4 minutes\" \/>\n<script type=\"application\/ld+json\" class=\"yoast-schema-graph\">{\"@context\":\"https:\\\/\\\/schema.org\",\"@graph\":[{\"@type\":\"WebPage\",\"@id\":\"https:\\\/\\\/canadianwomenswellness.ca\\\/fr\\\/donate\\\/\",\"url\":\"https:\\\/\\\/canadianwomenswellness.ca\\\/fr\\\/donate\\\/\",\"name\":\"Donate - Canadian Womens Wellness Initiative\",\"isPartOf\":{\"@id\":\"https:\\\/\\\/canadianwomenswellness.ca\\\/fr\\\/#website\"},\"datePublished\":\"2020-06-05T18:26:29+00:00\",\"dateModified\":\"2021-04-08T22:47:23+00:00\",\"breadcrumb\":{\"@id\":\"https:\\\/\\\/canadianwomenswellness.ca\\\/fr\\\/donate\\\/#breadcrumb\"},\"inLanguage\":\"en\",\"potentialAction\":[{\"@type\":\"ReadAction\",\"target\":[\"https:\\\/\\\/canadianwomenswellness.ca\\\/fr\\\/donate\\\/\"]}]},{\"@type\":\"BreadcrumbList\",\"@id\":\"https:\\\/\\\/canadianwomenswellness.ca\\\/fr\\\/donate\\\/#breadcrumb\",\"itemListElement\":[{\"@type\":\"ListItem\",\"position\":1,\"name\":\"Home\",\"item\":\"https:\\\/\\\/canadianwomenswellness.ca\\\/fr\\\/\"},{\"@type\":\"ListItem\",\"position\":2,\"name\":\"Donate\"}]},{\"@type\":\"WebSite\",\"@id\":\"https:\\\/\\\/canadianwomenswellness.ca\\\/fr\\\/#website\",\"url\":\"https:\\\/\\\/canadianwomenswellness.ca\\\/fr\\\/\",\"name\":\"Canadian Womens Wellness Initiative\",\"description\":\"Improving the Health and Well-being of Women\",\"potentialAction\":[{\"@type\":\"SearchAction\",\"target\":{\"@type\":\"EntryPoint\",\"urlTemplate\":\"https:\\\/\\\/canadianwomenswellness.ca\\\/fr\\\/?s={search_term_string}\"},\"query-input\":{\"@type\":\"PropertyValueSpecification\",\"valueRequired\":true,\"valueName\":\"search_term_string\"}}],\"inLanguage\":\"en\"}]}<\/script>\n<!-- \/ Yoast SEO plugin. -->","yoast_head_json":{"title":"Donate - Canadian Womens Wellness Initiative","robots":{"index":"index","follow":"follow","max-snippet":"max-snippet:-1","max-image-preview":"max-image-preview:large","max-video-preview":"max-video-preview:-1"},"canonical":"https:\/\/canadianwomenswellness.ca\/fr\/donate\/","og_locale":"en_US","og_type":"article","og_title":"Donate - Canadian Womens Wellness Initiative","og_description":"Aidez-nous \u00e0 am\u00e9liorer la vie des canadiennes \u00e0 risque Votre cadeau, m\u00eame minime, peut nous aider \u00e0 apporter laTechnique de M\u00e9ditation Transcendantale \u00e0 celles qui ont besoinde gu\u00e9rir du stress toxique et des traumatismes.Nous continuons \u00e0 travailler avec les v\u00e9t\u00e9rans, les officers de\u00a0policiers, les infirmi\u00e8res,le personnel de soutien,les familles \u00e0 risque et autres pour aider\u00e0 [&hellip;]","og_url":"https:\/\/canadianwomenswellness.ca\/fr\/donate\/","og_site_name":"Canadian Womens Wellness Initiative","article_modified_time":"2021-04-08T22:47:23+00:00","twitter_card":"summary_large_image","twitter_misc":{"Est. reading time":"4 minutes"},"schema":{"@context":"https:\/\/schema.org","@graph":[{"@type":"WebPage","@id":"https:\/\/canadianwomenswellness.ca\/fr\/donate\/","url":"https:\/\/canadianwomenswellness.ca\/fr\/donate\/","name":"Donate - Canadian Womens Wellness Initiative","isPartOf":{"@id":"https:\/\/canadianwomenswellness.ca\/fr\/#website"},"datePublished":"2020-06-05T18:26:29+00:00","dateModified":"2021-04-08T22:47:23+00:00","breadcrumb":{"@id":"https:\/\/canadianwomenswellness.ca\/fr\/donate\/#breadcrumb"},"inLanguage":"en","potentialAction":[{"@type":"ReadAction","target":["https:\/\/canadianwomenswellness.ca\/fr\/donate\/"]}]},{"@type":"BreadcrumbList","@id":"https:\/\/canadianwomenswellness.ca\/fr\/donate\/#breadcrumb","itemListElement":[{"@type":"ListItem","position":1,"name":"Home","item":"https:\/\/canadianwomenswellness.ca\/fr\/"},{"@type":"ListItem","position":2,"name":"Donate"}]},{"@type":"WebSite","@id":"https:\/\/canadianwomenswellness.ca\/fr\/#website","url":"https:\/\/canadianwomenswellness.ca\/fr\/","name":"Canadian Womens Wellness Initiative","description":"Improving the Health and Well-being of Women","potentialAction":[{"@type":"SearchAction","target":{"@type":"EntryPoint","urlTemplate":"https:\/\/canadianwomenswellness.ca\/fr\/?s={search_term_string}"},"query-input":{"@type":"PropertyValueSpecification","valueRequired":true,"valueName":"search_term_string"}}],"inLanguage":"en"}]}},"_links":{"self":[{"href":"https:\/\/canadianwomenswellness.ca\/fr\/wp-json\/wp\/v2\/pages\/183976","targetHints":{"allow":["GET"]}}],"collection":[{"href":"https:\/\/canadianwomenswellness.ca\/fr\/wp-json\/wp\/v2\/pages"}],"about":[{"href":"https:\/\/canadianwomenswellness.ca\/fr\/wp-json\/wp\/v2\/types\/page"}],"author":[{"embeddable":true,"href":"https:\/\/canadianwomenswellness.ca\/fr\/wp-json\/wp\/v2\/users\/1"}],"replies":[{"embeddable":true,"href":"https:\/\/canadianwomenswellness.ca\/fr\/wp-json\/wp\/v2\/comments?post=183976"}],"version-history":[{"count":3,"href":"https:\/\/canadianwomenswellness.ca\/fr\/wp-json\/wp\/v2\/pages\/183976\/revisions"}],"predecessor-version":[{"id":184933,"href":"https:\/\/canadianwomenswellness.ca\/fr\/wp-json\/wp\/v2\/pages\/183976\/revisions\/184933"}],"wp:attachment":[{"href":"https:\/\/canadianwomenswellness.ca\/fr\/wp-json\/wp\/v2\/media?parent=183976"}],"curies":[{"name":"wp","href":"https:\/\/api.w.org\/{rel}","templated":true}]}}