{"id":40,"date":"2016-12-05T23:41:11","date_gmt":"2016-12-05T23:41:11","guid":{"rendered":"https:\/\/canadianwomenswellness.ca\/fr\/?page_id=40"},"modified":"2021-02-20T14:41:26","modified_gmt":"2021-02-20T14:41:26","slug":"mission","status":"publish","type":"page","link":"https:\/\/canadianwomenswellness.ca\/fr\/mission\/","title":{"rendered":"\u00c9nonc\u00e9 de mission"},"content":{"rendered":"<p>[et_pb_section fb_built=&#8221;1&#8243; fullwidth=&#8221;on&#8221; _builder_version=&#8221;3.22&#8243;][et_pb_fullwidth_header title=&#8221;\u00c9NONC\u00c9 DE MISSION&#8221; title_font_color=&#8221;#ffffff&#8221; _builder_version=&#8221;4.6.5&#8243; title_text_color=&#8221;#ffffff&#8221; title_font_size=&#8221;40px&#8221; background_color=&#8221;rgba(255, 255, 255, 0)&#8221; background_image=&#8221;https:\/\/canadianwomenswellness.ca\/fr\/wp-content\/uploads\/2018\/06\/iStock-145846250.jpg&#8221; height=&#8221;300px&#8221; custom_margin=&#8221;0px||||false|false&#8221; custom_padding=&#8221;0px||||false|false&#8221; button_one_text_size__hover_enabled=&#8221;off&#8221; button_two_text_size__hover_enabled=&#8221;off&#8221; button_one_text_color__hover_enabled=&#8221;off&#8221; button_two_text_color__hover_enabled=&#8221;off&#8221; button_one_border_width__hover_enabled=&#8221;off&#8221; button_two_border_width__hover_enabled=&#8221;off&#8221; button_one_border_color__hover_enabled=&#8221;off&#8221; button_two_border_color__hover_enabled=&#8221;off&#8221; button_one_border_radius__hover_enabled=&#8221;off&#8221; button_two_border_radius__hover_enabled=&#8221;off&#8221; button_one_letter_spacing__hover_enabled=&#8221;off&#8221; button_two_letter_spacing__hover_enabled=&#8221;off&#8221; button_one_bg_color__hover_enabled=&#8221;off&#8221; button_two_bg_color__hover_enabled=&#8221;off&#8221;][\/et_pb_fullwidth_header][\/et_pb_section][et_pb_section fb_built=&#8221;1&#8243; admin_label=&#8221;section&#8221; _builder_version=&#8221;4.4.5&#8243; custom_padding=&#8221;0px|0px|55px|0px|false|false&#8221;][et_pb_row admin_label=&#8221;row&#8221; _builder_version=&#8221;3.25&#8243; background_size=&#8221;initial&#8221; background_position=&#8221;top_left&#8221; background_repeat=&#8221;repeat&#8221;][et_pb_column type=&#8221;4_4&#8243; _builder_version=&#8221;3.25&#8243; custom_padding=&#8221;|||&#8221; custom_padding__hover=&#8221;|||&#8221;][et_pb_text _builder_version=&#8221;4.9.0&#8243; background_size=&#8221;initial&#8221; background_position=&#8221;top_left&#8221; background_repeat=&#8221;repeat&#8221; hover_enabled=&#8221;0&#8243; sticky_enabled=&#8221;0&#8243;]<\/p>\n<p><strong>Notre Mission<\/strong><\/p>\n<p>L&#8217;Initiative femmes canadiennes pour le bien-\u00eatre  a pour objectif de donner l\u2019acc\u00e8s \u00e0 la technique de la M\u00e9ditation Transcendantale (MT) aux personnes qui sont \u00e0 risque de stress toxique ou qui en souffrent.<\/p>\n<p>Nous travaillons avec des personnes exer\u00e7ant des professions tr\u00e8s stressantes comme les policiers, les militaires, les pompiers, les ambulanciers, les infirmi\u00e8res et les enseignants. Nous \u0153uvrons \u00e9galement aupr\u00e8s des v\u00e9t\u00e9rans qui souffrent de stress professionnel ou qui sont confront\u00e9s aux d\u00e9fis de la transition vers la vie civile; et nous offrons la MT aux femmes et aux enfants victimes de violence domestique ou d\u2019intimidation.<\/p>\n<p>Nous proposons aussi des cours, des s\u00e9minaires et des ateliers au public sur la philosophie et la m\u00e9thodologie de la M\u00e9ditation Transcendantale et les bienfaits que procure sa pratique pour la sant\u00e9 physique et mentale.<\/p>\n<p>On sait tr\u00e8s bien que le stress chronique a un effet n\u00e9faste sur l&#8217;ensemble de la physiologie, y compris le cerveau, et qu\u2019il est associ\u00e9 \u00e0 une augmentation du cortisol, appel\u00e9 \u00ab\u00a0hormone du stress\u00a0\u00bb, qui aggrave la pression art\u00e9rielle. Par ailleurs, une exposition prolong\u00e9e \u00e0 cette hormone alt\u00e8re les fonctions m\u00e9morielles du cerveau. Les recherches ont montr\u00e9 que la technique de MT peut procurer un soulagement profond et durable des effets n\u00e9fastes du stress sur le cerveau et la physiologie. Il a \u00e9galement \u00e9t\u00e9 d\u00e9montr\u00e9 que la MT augmente la stabilit\u00e9 \u00e9motionnelle, le sentiment de bien-\u00eatre et l&#8217;autonomie.<\/p>\n<p>De nombreux experts m\u00e9dicaux recommandent que les programmes de r\u00e9duction du stress tels que la MT soient au c\u0153ur de tout programme de bien-\u00eatre pour toute personne au travail ou \u00e0 la maison, afin de favoriser la sant\u00e9, la cr\u00e9ativit\u00e9, l&#8217;intelligence, la r\u00e9silience, l&#8217;autonomie et la responsabilisation. Nous sommes ici pour r\u00e9pondre \u00e0 ce besoin.<\/p>\n<p><strong>La technique de M\u00e9ditation Transcendantale<\/strong><\/p>\n<p>La technique de M\u00e9ditation Transcendantale constitue un outil tr\u00e8s efficace pour surmonter le stress. On pratique cette technique pendant vingt minutes, deux fois par jour, en \u00e9tant assis confortablement les yeux ferm\u00e9s. Pendant la m\u00e9ditation, l&#8217;esprit s&#8217;apaise et atteint des niveaux de pens\u00e9e plus calmes et va m\u00eame au-del\u00e0 de la pens\u00e9e vers un \u00e9tat naturel de silence int\u00e9rieur. Alors que l&#8217;esprit acc\u00e8de sans effort \u00e0 des niveaux de pens\u00e9e plus calmes, parall\u00e8lement le corps parvient \u00e0 un \u00e9tat de repos physique profond. Cet \u00e9tat de paix et de calme int\u00e9rieurs produit une profonde relaxation physiologique, alors que l&#8217;esprit demeure alerte tout \u00e9tant au repos.<br \/>Les recherches publi\u00e9es montrent que pendant cette exp\u00e9rience, le cerveau fonctionne avec un niveau de coh\u00e9rence nettement plus \u00e9lev\u00e9 \u00e0 mesure que le m\u00e9tabolisme s\u2019apaise. Ce niveau profond de repos mental et physiologique dissout le stress et revitalise l&#8217;individu. Il en r\u00e9sulte une pens\u00e9e plus claire, une \u00e9nergie et une vitalit\u00e9 physiques accrues, de meilleurs r\u00e9sultats scolaires et professionnels et des relations am\u00e9lior\u00e9es avec autrui, y compris les coll\u00e8gues et les superviseurs.<\/p>\n<p><strong>Notre mission<\/strong><\/p>\n<p>~ Fournir une compr\u00e9hension de la technique de M\u00e9ditation Transcendantale aux services et aux acad\u00e9mies de police, aux pompiers, aux services m\u00e9dicaux d&#8217;urgence, aux militaires, aux organisations d&#8217;anciens combattants, aux \u00e9coles, aux h\u00f4pitaux et autres institutions qui emploient ou collaborent avec des personnes \u0153uvrant dans des domaines tr\u00e8s stressants;<\/p>\n<p>~ Offrir la technique de MT \u00e0 ceux qui en ont besoin sur une base individuelle ou dans un cadre institutionnel;<\/p>\n<p>~ Collaborer avec d&#8217;autres organisations caritatives qui viennent en aide aux femmes et aux filles victimes de violence familiale afin qu&#8217;elles puissent am\u00e9liorer leur vie gr\u00e2ce \u00e0 la pratique de la MT;<\/p>\n<p>~ Faire progresser l&#8217;\u00e9ducation en proposant des cours, des s\u00e9minaires et des ateliers au public sur la philosophie et la m\u00e9thodologie de la M\u00e9ditation Transcendantale et les bienfaits que procure sa pratique pour la sant\u00e9 physique et mentale.<\/p>\n<p>~ Financer des recherches ind\u00e9pendantes sur la pratique de la MT afin de mieux comprendre les vastes effets de cette technique sur le cerveau, la sant\u00e9 et le comportement des femmes dans des situations de stress \u00e9lev\u00e9.<\/p>\n<p>[\/et_pb_text][\/et_pb_column][\/et_pb_row][\/et_pb_section]<\/p>\n","protected":false},"excerpt":{"rendered":"<p>Notre Mission L&#8217;Initiative femmes canadiennes pour le bien-\u00eatre a pour objectif de donner l\u2019acc\u00e8s \u00e0 la technique de la M\u00e9ditation Transcendantale (MT) aux personnes qui sont \u00e0 risque de stress toxique ou qui en souffrent. Nous travaillons avec des personnes exer\u00e7ant des professions tr\u00e8s stressantes comme les policiers, les militaires, les pompiers, les ambulanciers, les [&hellip;]<\/p>\n","protected":false},"author":1,"featured_media":0,"parent":0,"menu_order":0,"comment_status":"closed","ping_status":"closed","template":"","meta":{"_et_pb_use_builder":"on","_et_pb_old_content":"","_et_gb_content_width":"","inline_featured_image":false,"footnotes":""},"class_list":["post-40","page","type-page","status-publish","hentry"],"yoast_head":"<!-- This site is optimized with the Yoast SEO plugin v27.5 - https:\/\/yoast.com\/product\/yoast-seo-wordpress\/ -->\n<title>\u00c9nonc\u00e9 de mission - Canadian Womens Wellness Initiative<\/title>\n<meta name=\"robots\" content=\"index, follow, max-snippet:-1, max-image-preview:large, max-video-preview:-1\" \/>\n<link rel=\"canonical\" href=\"https:\/\/canadianwomenswellness.ca\/fr\/mission\/\" \/>\n<meta property=\"og:locale\" content=\"en_US\" \/>\n<meta property=\"og:type\" content=\"article\" \/>\n<meta property=\"og:title\" content=\"\u00c9nonc\u00e9 de mission - Canadian Womens Wellness Initiative\" \/>\n<meta property=\"og:description\" content=\"Notre Mission L&#039;Initiative femmes canadiennes pour le bien-\u00eatre a pour objectif de donner l\u2019acc\u00e8s \u00e0 la technique de la M\u00e9ditation Transcendantale (MT) aux personnes qui sont \u00e0 risque de stress toxique ou qui en souffrent. Nous travaillons avec des personnes exer\u00e7ant des professions tr\u00e8s stressantes comme les policiers, les militaires, les pompiers, les ambulanciers, les [&hellip;]\" \/>\n<meta property=\"og:url\" content=\"https:\/\/canadianwomenswellness.ca\/fr\/mission\/\" \/>\n<meta property=\"og:site_name\" content=\"Canadian Womens Wellness Initiative\" \/>\n<meta property=\"article:modified_time\" content=\"2021-02-20T14:41:26+00:00\" \/>\n<meta name=\"twitter:card\" content=\"summary_large_image\" \/>\n<meta name=\"twitter:label1\" content=\"Est. reading time\" \/>\n\t<meta name=\"twitter:data1\" content=\"5 minutes\" \/>\n<script type=\"application\/ld+json\" class=\"yoast-schema-graph\">{\"@context\":\"https:\\\/\\\/schema.org\",\"@graph\":[{\"@type\":\"WebPage\",\"@id\":\"https:\\\/\\\/canadianwomenswellness.ca\\\/fr\\\/mission\\\/\",\"url\":\"https:\\\/\\\/canadianwomenswellness.ca\\\/fr\\\/mission\\\/\",\"name\":\"\u00c9nonc\u00e9 de mission - Canadian Womens Wellness Initiative\",\"isPartOf\":{\"@id\":\"https:\\\/\\\/canadianwomenswellness.ca\\\/fr\\\/#website\"},\"datePublished\":\"2016-12-05T23:41:11+00:00\",\"dateModified\":\"2021-02-20T14:41:26+00:00\",\"breadcrumb\":{\"@id\":\"https:\\\/\\\/canadianwomenswellness.ca\\\/fr\\\/mission\\\/#breadcrumb\"},\"inLanguage\":\"en\",\"potentialAction\":[{\"@type\":\"ReadAction\",\"target\":[\"https:\\\/\\\/canadianwomenswellness.ca\\\/fr\\\/mission\\\/\"]}]},{\"@type\":\"BreadcrumbList\",\"@id\":\"https:\\\/\\\/canadianwomenswellness.ca\\\/fr\\\/mission\\\/#breadcrumb\",\"itemListElement\":[{\"@type\":\"ListItem\",\"position\":1,\"name\":\"Home\",\"item\":\"https:\\\/\\\/canadianwomenswellness.ca\\\/fr\\\/\"},{\"@type\":\"ListItem\",\"position\":2,\"name\":\"\u00c9nonc\u00e9 de mission\"}]},{\"@type\":\"WebSite\",\"@id\":\"https:\\\/\\\/canadianwomenswellness.ca\\\/fr\\\/#website\",\"url\":\"https:\\\/\\\/canadianwomenswellness.ca\\\/fr\\\/\",\"name\":\"Canadian Womens Wellness Initiative\",\"description\":\"Improving the Health and Well-being of Women\",\"potentialAction\":[{\"@type\":\"SearchAction\",\"target\":{\"@type\":\"EntryPoint\",\"urlTemplate\":\"https:\\\/\\\/canadianwomenswellness.ca\\\/fr\\\/?s={search_term_string}\"},\"query-input\":{\"@type\":\"PropertyValueSpecification\",\"valueRequired\":true,\"valueName\":\"search_term_string\"}}],\"inLanguage\":\"en\"}]}<\/script>\n<!-- \/ Yoast SEO plugin. -->","yoast_head_json":{"title":"\u00c9nonc\u00e9 de mission - Canadian Womens Wellness Initiative","robots":{"index":"index","follow":"follow","max-snippet":"max-snippet:-1","max-image-preview":"max-image-preview:large","max-video-preview":"max-video-preview:-1"},"canonical":"https:\/\/canadianwomenswellness.ca\/fr\/mission\/","og_locale":"en_US","og_type":"article","og_title":"\u00c9nonc\u00e9 de mission - Canadian Womens Wellness Initiative","og_description":"Notre Mission L'Initiative femmes canadiennes pour le bien-\u00eatre a pour objectif de donner l\u2019acc\u00e8s \u00e0 la technique de la M\u00e9ditation Transcendantale (MT) aux personnes qui sont \u00e0 risque de stress toxique ou qui en souffrent. Nous travaillons avec des personnes exer\u00e7ant des professions tr\u00e8s stressantes comme les policiers, les militaires, les pompiers, les ambulanciers, les [&hellip;]","og_url":"https:\/\/canadianwomenswellness.ca\/fr\/mission\/","og_site_name":"Canadian Womens Wellness Initiative","article_modified_time":"2021-02-20T14:41:26+00:00","twitter_card":"summary_large_image","twitter_misc":{"Est. reading time":"5 minutes"},"schema":{"@context":"https:\/\/schema.org","@graph":[{"@type":"WebPage","@id":"https:\/\/canadianwomenswellness.ca\/fr\/mission\/","url":"https:\/\/canadianwomenswellness.ca\/fr\/mission\/","name":"\u00c9nonc\u00e9 de mission - Canadian Womens Wellness Initiative","isPartOf":{"@id":"https:\/\/canadianwomenswellness.ca\/fr\/#website"},"datePublished":"2016-12-05T23:41:11+00:00","dateModified":"2021-02-20T14:41:26+00:00","breadcrumb":{"@id":"https:\/\/canadianwomenswellness.ca\/fr\/mission\/#breadcrumb"},"inLanguage":"en","potentialAction":[{"@type":"ReadAction","target":["https:\/\/canadianwomenswellness.ca\/fr\/mission\/"]}]},{"@type":"BreadcrumbList","@id":"https:\/\/canadianwomenswellness.ca\/fr\/mission\/#breadcrumb","itemListElement":[{"@type":"ListItem","position":1,"name":"Home","item":"https:\/\/canadianwomenswellness.ca\/fr\/"},{"@type":"ListItem","position":2,"name":"\u00c9nonc\u00e9 de mission"}]},{"@type":"WebSite","@id":"https:\/\/canadianwomenswellness.ca\/fr\/#website","url":"https:\/\/canadianwomenswellness.ca\/fr\/","name":"Canadian Womens Wellness Initiative","description":"Improving the Health and Well-being of Women","potentialAction":[{"@type":"SearchAction","target":{"@type":"EntryPoint","urlTemplate":"https:\/\/canadianwomenswellness.ca\/fr\/?s={search_term_string}"},"query-input":{"@type":"PropertyValueSpecification","valueRequired":true,"valueName":"search_term_string"}}],"inLanguage":"en"}]}},"_links":{"self":[{"href":"https:\/\/canadianwomenswellness.ca\/fr\/wp-json\/wp\/v2\/pages\/40","targetHints":{"allow":["GET"]}}],"collection":[{"href":"https:\/\/canadianwomenswellness.ca\/fr\/wp-json\/wp\/v2\/pages"}],"about":[{"href":"https:\/\/canadianwomenswellness.ca\/fr\/wp-json\/wp\/v2\/types\/page"}],"author":[{"embeddable":true,"href":"https:\/\/canadianwomenswellness.ca\/fr\/wp-json\/wp\/v2\/users\/1"}],"replies":[{"embeddable":true,"href":"https:\/\/canadianwomenswellness.ca\/fr\/wp-json\/wp\/v2\/comments?post=40"}],"version-history":[{"count":5,"href":"https:\/\/canadianwomenswellness.ca\/fr\/wp-json\/wp\/v2\/pages\/40\/revisions"}],"predecessor-version":[{"id":184900,"href":"https:\/\/canadianwomenswellness.ca\/fr\/wp-json\/wp\/v2\/pages\/40\/revisions\/184900"}],"wp:attachment":[{"href":"https:\/\/canadianwomenswellness.ca\/fr\/wp-json\/wp\/v2\/media?parent=40"}],"curies":[{"name":"wp","href":"https:\/\/api.w.org\/{rel}","templated":true}]}}